{"id":3536,"date":"2025-01-21T21:55:30","date_gmt":"2025-01-21T20:55:30","guid":{"rendered":"https:\/\/buonopet.co\/?page_id=3536"},"modified":"2025-01-21T22:10:27","modified_gmt":"2025-01-21T21:10:27","slug":"carrito-compras","status":"publish","type":"page","link":"https:\/\/buonopet.co\/index.php\/carrito-compras\/","title":{"rendered":"Carrito compras"},"content":{"rendered":"\t\t<div data-elementor-type=\"wp-page\" data-elementor-id=\"3536\" class=\"elementor elementor-3536\" data-elementor-post-type=\"page\">\n\t\t\t\t<div class=\"elementor-element elementor-element-f97785f e-flex e-con-boxed e-con e-parent\" data-id=\"f97785f\" data-element_type=\"container\">\n\t\t\t\t\t<div class=\"e-con-inner\">\n\t\t\t\t\t<\/div>\n\t\t\t\t<\/div>\n\t\t\t\t<\/div>\n\t\t","protected":false},"excerpt":{"rendered":"<p>Eliminar art\u00edculo Imagen en miniatura Producto Precio Cantidad Subtotal Pollo &amp; Vegetales &#36;11,300 Pollo &amp; Vegetales cantidad &#36;11,300 Actualizar carrito Aplicar cup\u00f3n Total del carrito Subtotal &#36;11,300 Env\u00edo \u00c1rea metropolitana del Valle de Aburr\u00e1 (Medell\u00edn): &#36;8,000 Enviar a calle 6a 16 15, arrayanes de la calera, Antioquia. Cambiar direcci\u00f3n Pa\u00eds o regi\u00f3n: Selecciona un pa\u00eds\/regi\u00f3n&hellip;Colombia &hellip;<\/p>\n<p class=\"read-more\"> <a class=\"\" href=\"https:\/\/buonopet.co\/index.php\/carrito-compras\/\"> <span class=\"screen-reader-text\">Carrito compras<\/span> Leer m\u00e1s &raquo;<\/a><\/p>\n","protected":false},"author":1,"featured_media":0,"parent":0,"menu_order":0,"comment_status":"closed","ping_status":"closed","template":"","meta":{"site-sidebar-layout":"no-sidebar","site-content-layout":"page-builder","ast-global-header-display":"","ast-banner-title-visibility":"","ast-main-header-display":"","ast-hfb-above-header-display":"","ast-hfb-below-header-display":"","ast-hfb-mobile-header-display":"","site-post-title":"disabled","ast-breadcrumbs-content":"","ast-featured-img":"disabled","footer-sml-layout":"","theme-transparent-header-meta":"","adv-header-id-meta":"","stick-header-meta":"","header-above-stick-meta":"","header-main-stick-meta":"","header-below-stick-meta":"","_joinchat":[],"footnotes":""},"class_list":["post-3536","page","type-page","status-publish","hentry"],"yoast_head":"<!-- This site is optimized with the Yoast SEO Premium plugin v21.1 (Yoast SEO v24.3) - https:\/\/yoast.com\/wordpress\/plugins\/seo\/ -->\n<title>Carrito compras - Buono Pet - Alimento Natural<\/title>\n<meta name=\"robots\" content=\"index, follow, max-snippet:-1, max-image-preview:large, max-video-preview:-1\" \/>\n<link rel=\"canonical\" href=\"https:\/\/buonopet.co\/index.php\/carrito-compras\/\" \/>\n<meta property=\"og:locale\" content=\"es_ES\" \/>\n<meta property=\"og:type\" content=\"article\" \/>\n<meta property=\"og:title\" content=\"Carrito compras\" \/>\n<meta property=\"og:description\" content=\"Eliminar art\u00edculo Imagen en miniatura Producto Precio Cantidad Subtotal Pollo &amp; Vegetales &#036;11,300 Pollo &amp; Vegetales cantidad &#036;11,300 Actualizar carrito Aplicar cup\u00f3n Total del carrito Subtotal &#036;11,300 Env\u00edo \u00c1rea metropolitana del Valle de Aburr\u00e1 (Medell\u00edn): &#036;8,000 Enviar a calle 6a 16 15, arrayanes de la calera, Antioquia. Cambiar direcci\u00f3n Pa\u00eds o regi\u00f3n: Selecciona un pa\u00eds\/regi\u00f3n&hellip;Colombia &hellip; Carrito compras Leer m\u00e1s &raquo;\" \/>\n<meta property=\"og:url\" content=\"https:\/\/buonopet.co\/index.php\/carrito-compras\/\" \/>\n<meta property=\"og:site_name\" content=\"Buono Pet - Alimento Natural\" \/>\n<meta property=\"article:publisher\" content=\"https:\/\/www.facebook.com\/profile.php?id=100076023648679\" \/>\n<meta property=\"article:modified_time\" content=\"2025-01-21T21:10:27+00:00\" \/>\n<meta property=\"og:image\" content=\"https:\/\/buonopet.co\/wp-content\/uploads\/2023\/09\/Post_02-800x800.jpg\" \/>\n<meta name=\"twitter:card\" content=\"summary_large_image\" \/>\n<meta name=\"twitter:label1\" content=\"Tiempo de lectura\" \/>\n\t<meta name=\"twitter:data1\" content=\"1 minuto\" \/>\n<script type=\"application\/ld+json\" class=\"yoast-schema-graph\">{\"@context\":\"https:\/\/schema.org\",\"@graph\":[{\"@type\":\"WebPage\",\"@id\":\"https:\/\/buonopet.co\/index.php\/carrito-compras\/\",\"url\":\"https:\/\/buonopet.co\/index.php\/carrito-compras\/\",\"name\":\"Carrito compras - Buono Pet - Alimento Natural\",\"isPartOf\":{\"@id\":\"https:\/\/buonopet.co\/#website\"},\"primaryImageOfPage\":{\"@id\":\"https:\/\/buonopet.co\/index.php\/carrito-compras\/#primaryimage\"},\"image\":{\"@id\":\"https:\/\/buonopet.co\/index.php\/carrito-compras\/#primaryimage\"},\"thumbnailUrl\":\"https:\/\/buonopet.co\/wp-content\/uploads\/2023\/09\/Post_02-800x800.jpg\",\"datePublished\":\"2025-01-21T20:55:30+00:00\",\"dateModified\":\"2025-01-21T21:10:27+00:00\",\"breadcrumb\":{\"@id\":\"https:\/\/buonopet.co\/index.php\/carrito-compras\/#breadcrumb\"},\"inLanguage\":\"es\",\"potentialAction\":[{\"@type\":\"ReadAction\",\"target\":[\"https:\/\/buonopet.co\/index.php\/carrito-compras\/\"]}]},{\"@type\":\"ImageObject\",\"inLanguage\":\"es\",\"@id\":\"https:\/\/buonopet.co\/index.php\/carrito-compras\/#primaryimage\",\"url\":\"https:\/\/buonopet.co\/wp-content\/uploads\/2023\/09\/Post_02-scaled.jpg\",\"contentUrl\":\"https:\/\/buonopet.co\/wp-content\/uploads\/2023\/09\/Post_02-scaled.jpg\",\"width\":2560,\"height\":2560},{\"@type\":\"BreadcrumbList\",\"@id\":\"https:\/\/buonopet.co\/index.php\/carrito-compras\/#breadcrumb\",\"itemListElement\":[{\"@type\":\"ListItem\",\"position\":1,\"name\":\"Portada\",\"item\":\"https:\/\/buonopet.co\/\"},{\"@type\":\"ListItem\",\"position\":2,\"name\":\"Carrito compras\"}]},{\"@type\":\"WebSite\",\"@id\":\"https:\/\/buonopet.co\/#website\",\"url\":\"https:\/\/buonopet.co\/\",\"name\":\"Buono Pet\",\"description\":\"Buono pet - Dieta Barf, alimento natural para tu mascota\",\"publisher\":{\"@id\":\"https:\/\/buonopet.co\/#organization\"},\"potentialAction\":[{\"@type\":\"SearchAction\",\"target\":{\"@type\":\"EntryPoint\",\"urlTemplate\":\"https:\/\/buonopet.co\/?s={search_term_string}\"},\"query-input\":{\"@type\":\"PropertyValueSpecification\",\"valueRequired\":true,\"valueName\":\"search_term_string\"}}],\"inLanguage\":\"es\"},{\"@type\":\"Organization\",\"@id\":\"https:\/\/buonopet.co\/#organization\",\"name\":\"Buono Pet - Baked food pets\",\"url\":\"https:\/\/buonopet.co\/\",\"logo\":{\"@type\":\"ImageObject\",\"inLanguage\":\"es\",\"@id\":\"https:\/\/buonopet.co\/#\/schema\/logo\/image\/\",\"url\":\"https:\/\/buonopet.co\/wp-content\/uploads\/2023\/09\/cropped-BUONO-LOGO-COMPLETO.png\",\"contentUrl\":\"https:\/\/buonopet.co\/wp-content\/uploads\/2023\/09\/cropped-BUONO-LOGO-COMPLETO.png\",\"width\":300,\"height\":222,\"caption\":\"Buono Pet - Baked food pets\"},\"image\":{\"@id\":\"https:\/\/buonopet.co\/#\/schema\/logo\/image\/\"},\"sameAs\":[\"https:\/\/www.facebook.com\/profile.php?id=100076023648679\",\"https:\/\/www.instagram.com\/buono_pet\/\"]}]}<\/script>\n<!-- \/ Yoast SEO Premium plugin. -->","yoast_head_json":{"title":"Carrito compras - Buono Pet - Alimento Natural","robots":{"index":"index","follow":"follow","max-snippet":"max-snippet:-1","max-image-preview":"max-image-preview:large","max-video-preview":"max-video-preview:-1"},"canonical":"https:\/\/buonopet.co\/index.php\/carrito-compras\/","og_locale":"es_ES","og_type":"article","og_title":"Carrito compras","og_description":"Eliminar art\u00edculo Imagen en miniatura Producto Precio Cantidad Subtotal Pollo &amp; Vegetales &#36;11,300 Pollo &amp; Vegetales cantidad &#36;11,300 Actualizar carrito Aplicar cup\u00f3n Total del carrito Subtotal &#36;11,300 Env\u00edo \u00c1rea metropolitana del Valle de Aburr\u00e1 (Medell\u00edn): &#36;8,000 Enviar a calle 6a 16 15, arrayanes de la calera, Antioquia. Cambiar direcci\u00f3n Pa\u00eds o regi\u00f3n: Selecciona un pa\u00eds\/regi\u00f3n&hellip;Colombia &hellip; Carrito compras Leer m\u00e1s &raquo;","og_url":"https:\/\/buonopet.co\/index.php\/carrito-compras\/","og_site_name":"Buono Pet - Alimento Natural","article_publisher":"https:\/\/www.facebook.com\/profile.php?id=100076023648679","article_modified_time":"2025-01-21T21:10:27+00:00","og_image":[{"url":"https:\/\/buonopet.co\/wp-content\/uploads\/2023\/09\/Post_02-800x800.jpg","type":"","width":"","height":""}],"twitter_card":"summary_large_image","twitter_misc":{"Tiempo de lectura":"1 minuto"},"schema":{"@context":"https:\/\/schema.org","@graph":[{"@type":"WebPage","@id":"https:\/\/buonopet.co\/index.php\/carrito-compras\/","url":"https:\/\/buonopet.co\/index.php\/carrito-compras\/","name":"Carrito compras - Buono Pet - Alimento Natural","isPartOf":{"@id":"https:\/\/buonopet.co\/#website"},"primaryImageOfPage":{"@id":"https:\/\/buonopet.co\/index.php\/carrito-compras\/#primaryimage"},"image":{"@id":"https:\/\/buonopet.co\/index.php\/carrito-compras\/#primaryimage"},"thumbnailUrl":"https:\/\/buonopet.co\/wp-content\/uploads\/2023\/09\/Post_02-800x800.jpg","datePublished":"2025-01-21T20:55:30+00:00","dateModified":"2025-01-21T21:10:27+00:00","breadcrumb":{"@id":"https:\/\/buonopet.co\/index.php\/carrito-compras\/#breadcrumb"},"inLanguage":"es","potentialAction":[{"@type":"ReadAction","target":["https:\/\/buonopet.co\/index.php\/carrito-compras\/"]}]},{"@type":"ImageObject","inLanguage":"es","@id":"https:\/\/buonopet.co\/index.php\/carrito-compras\/#primaryimage","url":"https:\/\/buonopet.co\/wp-content\/uploads\/2023\/09\/Post_02-scaled.jpg","contentUrl":"https:\/\/buonopet.co\/wp-content\/uploads\/2023\/09\/Post_02-scaled.jpg","width":2560,"height":2560},{"@type":"BreadcrumbList","@id":"https:\/\/buonopet.co\/index.php\/carrito-compras\/#breadcrumb","itemListElement":[{"@type":"ListItem","position":1,"name":"Portada","item":"https:\/\/buonopet.co\/"},{"@type":"ListItem","position":2,"name":"Carrito compras"}]},{"@type":"WebSite","@id":"https:\/\/buonopet.co\/#website","url":"https:\/\/buonopet.co\/","name":"Buono Pet","description":"Buono pet - Dieta Barf, alimento natural para tu mascota","publisher":{"@id":"https:\/\/buonopet.co\/#organization"},"potentialAction":[{"@type":"SearchAction","target":{"@type":"EntryPoint","urlTemplate":"https:\/\/buonopet.co\/?s={search_term_string}"},"query-input":{"@type":"PropertyValueSpecification","valueRequired":true,"valueName":"search_term_string"}}],"inLanguage":"es"},{"@type":"Organization","@id":"https:\/\/buonopet.co\/#organization","name":"Buono Pet - Baked food pets","url":"https:\/\/buonopet.co\/","logo":{"@type":"ImageObject","inLanguage":"es","@id":"https:\/\/buonopet.co\/#\/schema\/logo\/image\/","url":"https:\/\/buonopet.co\/wp-content\/uploads\/2023\/09\/cropped-BUONO-LOGO-COMPLETO.png","contentUrl":"https:\/\/buonopet.co\/wp-content\/uploads\/2023\/09\/cropped-BUONO-LOGO-COMPLETO.png","width":300,"height":222,"caption":"Buono Pet - Baked food pets"},"image":{"@id":"https:\/\/buonopet.co\/#\/schema\/logo\/image\/"},"sameAs":["https:\/\/www.facebook.com\/profile.php?id=100076023648679","https:\/\/www.instagram.com\/buono_pet\/"]}]}},"_links":{"self":[{"href":"https:\/\/buonopet.co\/index.php\/wp-json\/wp\/v2\/pages\/3536","targetHints":{"allow":["GET"]}}],"collection":[{"href":"https:\/\/buonopet.co\/index.php\/wp-json\/wp\/v2\/pages"}],"about":[{"href":"https:\/\/buonopet.co\/index.php\/wp-json\/wp\/v2\/types\/page"}],"author":[{"embeddable":true,"href":"https:\/\/buonopet.co\/index.php\/wp-json\/wp\/v2\/users\/1"}],"replies":[{"embeddable":true,"href":"https:\/\/buonopet.co\/index.php\/wp-json\/wp\/v2\/comments?post=3536"}],"version-history":[{"count":7,"href":"https:\/\/buonopet.co\/index.php\/wp-json\/wp\/v2\/pages\/3536\/revisions"}],"predecessor-version":[{"id":3544,"href":"https:\/\/buonopet.co\/index.php\/wp-json\/wp\/v2\/pages\/3536\/revisions\/3544"}],"wp:attachment":[{"href":"https:\/\/buonopet.co\/index.php\/wp-json\/wp\/v2\/media?parent=3536"}],"curies":[{"name":"wp","href":"https:\/\/api.w.org\/{rel}","templated":true}]}}