{"id":3413,"date":"2023-09-20T23:50:46","date_gmt":"2023-09-20T21:50:46","guid":{"rendered":"https:\/\/buonopet.co\/?page_id=3413"},"modified":"2023-09-21T00:19:19","modified_gmt":"2023-09-20T22:19:19","slug":"blog","status":"publish","type":"page","link":"https:\/\/buonopet.co\/index.php\/blog\/","title":{"rendered":"Blog"},"content":{"rendered":"\t\t<div data-elementor-type=\"wp-page\" data-elementor-id=\"3413\" class=\"elementor elementor-3413\" data-elementor-post-type=\"page\">\n\t\t\t\t\t\t<section class=\"elementor-section elementor-top-section elementor-element elementor-element-b1a4050 elementor-section-content-middle elementor-reverse-mobile elementor-section-height-min-height elementor-section-boxed elementor-section-height-default elementor-section-items-middle\" data-id=\"b1a4050\" data-element_type=\"section\" data-settings=\"{&quot;background_background&quot;:&quot;classic&quot;}\">\n\t\t\t\t\t\t<div class=\"elementor-container elementor-column-gap-no\">\n\t\t\t\t\t<div class=\"elementor-column elementor-col-50 elementor-top-column elementor-element elementor-element-1393e3f\" data-id=\"1393e3f\" data-element_type=\"column\">\n\t\t\t<div class=\"elementor-widget-wrap elementor-element-populated\">\n\t\t\t\t\t\t<div class=\"elementor-element elementor-element-98851c7 elementor-widget elementor-widget-image\" data-id=\"98851c7\" data-element_type=\"widget\" data-widget_type=\"image.default\">\n\t\t\t\t<div class=\"elementor-widget-container\">\n\t\t\t\t\t\t\t\t\t\t\t\t\t\t\t<img fetchpriority=\"high\" decoding=\"async\" width=\"2560\" height=\"1703\" src=\"https:\/\/buonopet.co\/wp-content\/uploads\/2023\/09\/BLOG-scaled.webp\" class=\"attachment-full size-full wp-image-3126\" alt=\"\" srcset=\"https:\/\/buonopet.co\/wp-content\/uploads\/2023\/09\/BLOG-scaled.webp 2560w, https:\/\/buonopet.co\/wp-content\/uploads\/2023\/09\/BLOG-300x200.webp 300w, https:\/\/buonopet.co\/wp-content\/uploads\/2023\/09\/BLOG-1024x681.webp 1024w, https:\/\/buonopet.co\/wp-content\/uploads\/2023\/09\/BLOG-768x511.webp 768w, https:\/\/buonopet.co\/wp-content\/uploads\/2023\/09\/BLOG-1536x1022.webp 1536w, https:\/\/buonopet.co\/wp-content\/uploads\/2023\/09\/BLOG-2048x1363.webp 2048w, https:\/\/buonopet.co\/wp-content\/uploads\/2023\/09\/BLOG-800x532.webp 800w\" sizes=\"(max-width: 2560px) 100vw, 2560px\" \/>\t\t\t\t\t\t\t\t\t\t\t\t\t\t\t<\/div>\n\t\t\t\t<\/div>\n\t\t\t\t\t<\/div>\n\t\t<\/div>\n\t\t\t\t<div class=\"elementor-column elementor-col-50 elementor-top-column elementor-element elementor-element-9e5c382\" data-id=\"9e5c382\" data-element_type=\"column\">\n\t\t\t<div class=\"elementor-widget-wrap elementor-element-populated\">\n\t\t\t\t\t\t<div class=\"elementor-element elementor-element-5f0f8cb elementor-widget elementor-widget-heading\" data-id=\"5f0f8cb\" data-element_type=\"widget\" data-widget_type=\"heading.default\">\n\t\t\t\t<div class=\"elementor-widget-container\">\n\t\t\t\t\t<h1 class=\"elementor-heading-title elementor-size-default\">Buono - Blog<\/h1>\t\t\t\t<\/div>\n\t\t\t\t<\/div>\n\t\t\t\t<div class=\"elementor-element elementor-element-2ef645d elementor-align-center elementor-widget__width-initial elementor-widget-mobile__width-inherit elementor-widget elementor-widget-button\" data-id=\"2ef645d\" data-element_type=\"widget\" data-widget_type=\"button.default\">\n\t\t\t\t<div class=\"elementor-widget-container\">\n\t\t\t\t\t\t\t\t\t<div class=\"elementor-button-wrapper\">\n\t\t\t\t\t<a class=\"elementor-button elementor-button-link elementor-size-sm elementor-animation-grow\" href=\"https:\/\/buonopet.co\/index.php\/tienda\/\">\n\t\t\t\t\t\t<span class=\"elementor-button-content-wrapper\">\n\t\t\t\t\t\t\t\t\t<span class=\"elementor-button-text\">Comprar<\/span>\n\t\t\t\t\t<\/span>\n\t\t\t\t\t<\/a>\n\t\t\t\t<\/div>\n\t\t\t\t\t\t\t\t<\/div>\n\t\t\t\t<\/div>\n\t\t\t\t<div class=\"elementor-element elementor-element-ba38659 elementor-align-center elementor-widget__width-initial elementor-widget-mobile__width-inherit elementor-widget elementor-widget-button\" data-id=\"ba38659\" data-element_type=\"widget\" data-widget_type=\"button.default\">\n\t\t\t\t<div class=\"elementor-widget-container\">\n\t\t\t\t\t\t\t\t\t<div class=\"elementor-button-wrapper\">\n\t\t\t\t\t<a class=\"elementor-button elementor-button-link elementor-size-sm elementor-animation-grow\" href=\"https:\/\/buonopet.co\/#productos\">\n\t\t\t\t\t\t<span class=\"elementor-button-content-wrapper\">\n\t\t\t\t\t\t\t\t\t<span class=\"elementor-button-text\">Productos<\/span>\n\t\t\t\t\t<\/span>\n\t\t\t\t\t<\/a>\n\t\t\t\t<\/div>\n\t\t\t\t\t\t\t\t<\/div>\n\t\t\t\t<\/div>\n\t\t\t\t\t<\/div>\n\t\t<\/div>\n\t\t\t\t\t<\/div>\n\t\t<\/section>\n\t\t<div class=\"elementor-element elementor-element-659507a e-flex e-con-boxed e-con e-parent\" data-id=\"659507a\" data-element_type=\"container\" data-settings=\"{&quot;background_background&quot;:&quot;classic&quot;}\">\n\t\t\t\t\t<div class=\"e-con-inner\">\n\t\t\t\t\t<\/div>\n\t\t\t\t<\/div>\n\t\t\t\t<\/div>\n\t\t","protected":false},"excerpt":{"rendered":"<p>Buono &#8211; Blog Comprar Productos Alimentos Crudos para Perros: Un Debate Sobre Seguridad y Riesgos Introducci\u00f3n La tendencia hacia una alimentaci\u00f3n m\u00e1s natural y cruda para los perros ha ganado popularidad en los \u00faltimos a\u00f1os, con muchos propietarios optando por proporcionar a sus mascotas dietas basadas en carne cruda. Sin embargo, es importante abordar las&hellip; &hellip;<\/p>\n<p class=\"read-more\"> <a class=\"\" href=\"https:\/\/buonopet.co\/index.php\/blog\/\"> <span class=\"screen-reader-text\">Blog<\/span> Leer m\u00e1s &raquo;<\/a><\/p>\n","protected":false},"author":1,"featured_media":0,"parent":0,"menu_order":0,"comment_status":"closed","ping_status":"closed","template":"","meta":{"site-sidebar-layout":"no-sidebar","site-content-layout":"page-builder","ast-global-header-display":"","ast-banner-title-visibility":"","ast-main-header-display":"","ast-hfb-above-header-display":"","ast-hfb-below-header-display":"","ast-hfb-mobile-header-display":"","site-post-title":"disabled","ast-breadcrumbs-content":"","ast-featured-img":"disabled","footer-sml-layout":"","theme-transparent-header-meta":"","adv-header-id-meta":"","stick-header-meta":"","header-above-stick-meta":"","header-main-stick-meta":"","header-below-stick-meta":"","_joinchat":[],"footnotes":""},"class_list":["post-3413","page","type-page","status-publish","hentry"],"yoast_head":"<!-- This site is optimized with the Yoast SEO Premium plugin v21.1 (Yoast SEO v24.3) - https:\/\/yoast.com\/wordpress\/plugins\/seo\/ -->\n<title>Blog - Buono Pet - Alimento Natural<\/title>\n<meta name=\"robots\" content=\"index, follow, max-snippet:-1, max-image-preview:large, max-video-preview:-1\" \/>\n<link rel=\"canonical\" href=\"https:\/\/buonopet.co\/index.php\/blog\/\" \/>\n<meta property=\"og:locale\" content=\"es_ES\" \/>\n<meta property=\"og:type\" content=\"article\" \/>\n<meta property=\"og:title\" content=\"Blog\" \/>\n<meta property=\"og:description\" content=\"Buono &#8211; Blog Comprar Productos Alimentos Crudos para Perros: Un Debate Sobre Seguridad y Riesgos Introducci\u00f3n La tendencia hacia una alimentaci\u00f3n m\u00e1s natural y cruda para los perros ha ganado popularidad en los \u00faltimos a\u00f1os, con muchos propietarios optando por proporcionar a sus mascotas dietas basadas en carne cruda. Sin embargo, es importante abordar las&hellip; &hellip; Blog Leer m\u00e1s &raquo;\" \/>\n<meta property=\"og:url\" content=\"https:\/\/buonopet.co\/index.php\/blog\/\" \/>\n<meta property=\"og:site_name\" content=\"Buono Pet - Alimento Natural\" \/>\n<meta property=\"article:publisher\" content=\"https:\/\/www.facebook.com\/profile.php?id=100076023648679\" \/>\n<meta property=\"article:modified_time\" content=\"2023-09-20T22:19:19+00:00\" \/>\n<meta property=\"og:image\" content=\"https:\/\/buonopet.co\/wp-content\/uploads\/2023\/09\/BLOG-scaled.webp\" \/>\n<meta name=\"twitter:card\" content=\"summary_large_image\" \/>\n<meta name=\"twitter:label1\" content=\"Tiempo de lectura\" \/>\n\t<meta name=\"twitter:data1\" content=\"2 minutos\" \/>\n<script type=\"application\/ld+json\" class=\"yoast-schema-graph\">{\"@context\":\"https:\/\/schema.org\",\"@graph\":[{\"@type\":\"WebPage\",\"@id\":\"https:\/\/buonopet.co\/index.php\/blog\/\",\"url\":\"https:\/\/buonopet.co\/index.php\/blog\/\",\"name\":\"Blog - Buono Pet - Alimento Natural\",\"isPartOf\":{\"@id\":\"https:\/\/buonopet.co\/#website\"},\"primaryImageOfPage\":{\"@id\":\"https:\/\/buonopet.co\/index.php\/blog\/#primaryimage\"},\"image\":{\"@id\":\"https:\/\/buonopet.co\/index.php\/blog\/#primaryimage\"},\"thumbnailUrl\":\"https:\/\/buonopet.co\/wp-content\/uploads\/2023\/09\/BLOG-scaled.webp\",\"datePublished\":\"2023-09-20T21:50:46+00:00\",\"dateModified\":\"2023-09-20T22:19:19+00:00\",\"breadcrumb\":{\"@id\":\"https:\/\/buonopet.co\/index.php\/blog\/#breadcrumb\"},\"inLanguage\":\"es\",\"potentialAction\":[{\"@type\":\"ReadAction\",\"target\":[\"https:\/\/buonopet.co\/index.php\/blog\/\"]}]},{\"@type\":\"ImageObject\",\"inLanguage\":\"es\",\"@id\":\"https:\/\/buonopet.co\/index.php\/blog\/#primaryimage\",\"url\":\"https:\/\/buonopet.co\/wp-content\/uploads\/2023\/09\/BLOG-scaled.webp\",\"contentUrl\":\"https:\/\/buonopet.co\/wp-content\/uploads\/2023\/09\/BLOG-scaled.webp\",\"width\":2560,\"height\":1703},{\"@type\":\"BreadcrumbList\",\"@id\":\"https:\/\/buonopet.co\/index.php\/blog\/#breadcrumb\",\"itemListElement\":[{\"@type\":\"ListItem\",\"position\":1,\"name\":\"Portada\",\"item\":\"https:\/\/buonopet.co\/\"},{\"@type\":\"ListItem\",\"position\":2,\"name\":\"Blog\"}]},{\"@type\":\"WebSite\",\"@id\":\"https:\/\/buonopet.co\/#website\",\"url\":\"https:\/\/buonopet.co\/\",\"name\":\"Buono Pet\",\"description\":\"Buono pet - Dieta Barf, alimento natural para tu mascota\",\"publisher\":{\"@id\":\"https:\/\/buonopet.co\/#organization\"},\"potentialAction\":[{\"@type\":\"SearchAction\",\"target\":{\"@type\":\"EntryPoint\",\"urlTemplate\":\"https:\/\/buonopet.co\/?s={search_term_string}\"},\"query-input\":{\"@type\":\"PropertyValueSpecification\",\"valueRequired\":true,\"valueName\":\"search_term_string\"}}],\"inLanguage\":\"es\"},{\"@type\":\"Organization\",\"@id\":\"https:\/\/buonopet.co\/#organization\",\"name\":\"Buono Pet - Baked food pets\",\"url\":\"https:\/\/buonopet.co\/\",\"logo\":{\"@type\":\"ImageObject\",\"inLanguage\":\"es\",\"@id\":\"https:\/\/buonopet.co\/#\/schema\/logo\/image\/\",\"url\":\"https:\/\/buonopet.co\/wp-content\/uploads\/2023\/09\/cropped-BUONO-LOGO-COMPLETO.png\",\"contentUrl\":\"https:\/\/buonopet.co\/wp-content\/uploads\/2023\/09\/cropped-BUONO-LOGO-COMPLETO.png\",\"width\":300,\"height\":222,\"caption\":\"Buono Pet - Baked food pets\"},\"image\":{\"@id\":\"https:\/\/buonopet.co\/#\/schema\/logo\/image\/\"},\"sameAs\":[\"https:\/\/www.facebook.com\/profile.php?id=100076023648679\",\"https:\/\/www.instagram.com\/buono_pet\/\"]}]}<\/script>\n<!-- \/ Yoast SEO Premium plugin. -->","yoast_head_json":{"title":"Blog - Buono Pet - Alimento Natural","robots":{"index":"index","follow":"follow","max-snippet":"max-snippet:-1","max-image-preview":"max-image-preview:large","max-video-preview":"max-video-preview:-1"},"canonical":"https:\/\/buonopet.co\/index.php\/blog\/","og_locale":"es_ES","og_type":"article","og_title":"Blog","og_description":"Buono &#8211; Blog Comprar Productos Alimentos Crudos para Perros: Un Debate Sobre Seguridad y Riesgos Introducci\u00f3n La tendencia hacia una alimentaci\u00f3n m\u00e1s natural y cruda para los perros ha ganado popularidad en los \u00faltimos a\u00f1os, con muchos propietarios optando por proporcionar a sus mascotas dietas basadas en carne cruda. Sin embargo, es importante abordar las&hellip; &hellip; Blog Leer m\u00e1s &raquo;","og_url":"https:\/\/buonopet.co\/index.php\/blog\/","og_site_name":"Buono Pet - Alimento Natural","article_publisher":"https:\/\/www.facebook.com\/profile.php?id=100076023648679","article_modified_time":"2023-09-20T22:19:19+00:00","og_image":[{"url":"https:\/\/buonopet.co\/wp-content\/uploads\/2023\/09\/BLOG-scaled.webp","type":"","width":"","height":""}],"twitter_card":"summary_large_image","twitter_misc":{"Tiempo de lectura":"2 minutos"},"schema":{"@context":"https:\/\/schema.org","@graph":[{"@type":"WebPage","@id":"https:\/\/buonopet.co\/index.php\/blog\/","url":"https:\/\/buonopet.co\/index.php\/blog\/","name":"Blog - Buono Pet - Alimento Natural","isPartOf":{"@id":"https:\/\/buonopet.co\/#website"},"primaryImageOfPage":{"@id":"https:\/\/buonopet.co\/index.php\/blog\/#primaryimage"},"image":{"@id":"https:\/\/buonopet.co\/index.php\/blog\/#primaryimage"},"thumbnailUrl":"https:\/\/buonopet.co\/wp-content\/uploads\/2023\/09\/BLOG-scaled.webp","datePublished":"2023-09-20T21:50:46+00:00","dateModified":"2023-09-20T22:19:19+00:00","breadcrumb":{"@id":"https:\/\/buonopet.co\/index.php\/blog\/#breadcrumb"},"inLanguage":"es","potentialAction":[{"@type":"ReadAction","target":["https:\/\/buonopet.co\/index.php\/blog\/"]}]},{"@type":"ImageObject","inLanguage":"es","@id":"https:\/\/buonopet.co\/index.php\/blog\/#primaryimage","url":"https:\/\/buonopet.co\/wp-content\/uploads\/2023\/09\/BLOG-scaled.webp","contentUrl":"https:\/\/buonopet.co\/wp-content\/uploads\/2023\/09\/BLOG-scaled.webp","width":2560,"height":1703},{"@type":"BreadcrumbList","@id":"https:\/\/buonopet.co\/index.php\/blog\/#breadcrumb","itemListElement":[{"@type":"ListItem","position":1,"name":"Portada","item":"https:\/\/buonopet.co\/"},{"@type":"ListItem","position":2,"name":"Blog"}]},{"@type":"WebSite","@id":"https:\/\/buonopet.co\/#website","url":"https:\/\/buonopet.co\/","name":"Buono Pet","description":"Buono pet - Dieta Barf, alimento natural para tu mascota","publisher":{"@id":"https:\/\/buonopet.co\/#organization"},"potentialAction":[{"@type":"SearchAction","target":{"@type":"EntryPoint","urlTemplate":"https:\/\/buonopet.co\/?s={search_term_string}"},"query-input":{"@type":"PropertyValueSpecification","valueRequired":true,"valueName":"search_term_string"}}],"inLanguage":"es"},{"@type":"Organization","@id":"https:\/\/buonopet.co\/#organization","name":"Buono Pet - Baked food pets","url":"https:\/\/buonopet.co\/","logo":{"@type":"ImageObject","inLanguage":"es","@id":"https:\/\/buonopet.co\/#\/schema\/logo\/image\/","url":"https:\/\/buonopet.co\/wp-content\/uploads\/2023\/09\/cropped-BUONO-LOGO-COMPLETO.png","contentUrl":"https:\/\/buonopet.co\/wp-content\/uploads\/2023\/09\/cropped-BUONO-LOGO-COMPLETO.png","width":300,"height":222,"caption":"Buono Pet - Baked food pets"},"image":{"@id":"https:\/\/buonopet.co\/#\/schema\/logo\/image\/"},"sameAs":["https:\/\/www.facebook.com\/profile.php?id=100076023648679","https:\/\/www.instagram.com\/buono_pet\/"]}]}},"_links":{"self":[{"href":"https:\/\/buonopet.co\/index.php\/wp-json\/wp\/v2\/pages\/3413","targetHints":{"allow":["GET"]}}],"collection":[{"href":"https:\/\/buonopet.co\/index.php\/wp-json\/wp\/v2\/pages"}],"about":[{"href":"https:\/\/buonopet.co\/index.php\/wp-json\/wp\/v2\/types\/page"}],"author":[{"embeddable":true,"href":"https:\/\/buonopet.co\/index.php\/wp-json\/wp\/v2\/users\/1"}],"replies":[{"embeddable":true,"href":"https:\/\/buonopet.co\/index.php\/wp-json\/wp\/v2\/comments?post=3413"}],"version-history":[{"count":16,"href":"https:\/\/buonopet.co\/index.php\/wp-json\/wp\/v2\/pages\/3413\/revisions"}],"predecessor-version":[{"id":3522,"href":"https:\/\/buonopet.co\/index.php\/wp-json\/wp\/v2\/pages\/3413\/revisions\/3522"}],"wp:attachment":[{"href":"https:\/\/buonopet.co\/index.php\/wp-json\/wp\/v2\/media?parent=3413"}],"curies":[{"name":"wp","href":"https:\/\/api.w.org\/{rel}","templated":true}]}}